{"id":282146,"date":"2024-04-11T10:28:56","date_gmt":"2024-04-11T08:28:56","guid":{"rendered":"https:\/\/dimensioneing.it\/?page_id=282146"},"modified":"2025-12-10T11:18:28","modified_gmt":"2025-12-10T10:18:28","slug":"sorrento","status":"publish","type":"page","link":"https:\/\/dimensioneing.it\/en\/sorrento\/","title":{"rendered":"Sorrento"},"content":{"rendered":"<p>[et_pb_section fb_built=&#8221;1&#8243; custom_padding_last_edited=&#8221;on|phone&#8221; _builder_version=&#8221;4.24.2&#8243; _module_preset=&#8221;default&#8221; background_color=&#8221;#057c4c&#8221; background_enable_image=&#8221;off&#8221; custom_padding=&#8221;24vh||8vh||false|false&#8221; custom_padding_tablet=&#8221;27vh||27vh||true|false&#8221; custom_padding_phone=&#8221;12vh||12vh||true|false&#8221; background_last_edited=&#8221;on|phone&#8221; use_background_color_gradient_phone=&#8221;on&#8221; background_color_gradient_stops_phone=&#8221;rgba(0,0,0,0.51) 0%|rgba(0,0,0,0.19) 100%&#8221; global_colors_info=&#8221;{}&#8221; da_is_popup=&#8221;off&#8221; da_exit_intent=&#8221;off&#8221; da_has_close=&#8221;on&#8221; da_alt_close=&#8221;off&#8221; da_dark_close=&#8221;off&#8221; da_not_modal=&#8221;on&#8221; da_is_singular=&#8221;off&#8221; da_with_loader=&#8221;off&#8221; da_has_shadow=&#8221;on&#8221; da_disable_devices=&#8221;off|off|off&#8221;][et_pb_row column_structure=&#8221;3_5,2_5&#8243; _builder_version=&#8221;4.24.2&#8243; _module_preset=&#8221;default&#8221; width=&#8221;100%&#8221; max_width=&#8221;80%&#8221; custom_padding=&#8221;0px||0px||true|false&#8221; global_colors_info=&#8221;{}&#8221;][et_pb_column type=&#8221;3_5&#8243; _builder_version=&#8221;4.24.2&#8243; _module_preset=&#8221;default&#8221; global_colors_info=&#8221;{}&#8221;][et_pb_text _builder_version=&#8221;4.24.2&#8243; _module_preset=&#8221;default&#8221; text_font=&#8221;Josefin Slab|600|||||||&#8221; text_text_color=&#8221;#000000&#8243; text_font_size=&#8221;20px&#8221; text_letter_spacing=&#8221;1px&#8221; header_font=&#8221;Josefin Slab|700||on|||||&#8221; header_text_color=&#8221;#FFFFFF&#8221; header_font_size=&#8221;20px&#8221; header_2_font=&#8221;Josefin Slab|700||on|||||&#8221; header_2_text_align=&#8221;left&#8221; header_2_text_color=&#8221;#057c4c&#8221; header_2_font_size=&#8221;17px&#8221; custom_margin=&#8221;||10px||false|false&#8221; header_font_size_tablet=&#8221;17px&#8221; header_font_size_phone=&#8221;13px&#8221; header_font_size_last_edited=&#8221;on|phone&#8221; locked=&#8221;off&#8221; global_colors_info=&#8221;{}&#8221;]<\/p>\n<h1>studio di fattibilit\u00e0<\/h1>\n<p>[\/et_pb_text][et_pb_text _builder_version=&#8221;4.24.2&#8243; _module_preset=&#8221;default&#8221; text_font=&#8221;Montserrat|600|||||||&#8221; text_text_color=&#8221;#000000&#8243; text_font_size=&#8221;35px&#8221; text_letter_spacing=&#8221;1px&#8221; header_font=&#8221;Montserrat||||||||&#8221; header_text_color=&#8221;#FFFFFF&#8221; header_font_size=&#8221;65px&#8221; header_2_font=&#8221;|600|||||||&#8221; header_2_text_color=&#8221;#FFFFFF&#8221; header_2_font_size=&#8221;65px&#8221; header_3_font=&#8221;Montserrat||||||||&#8221; header_3_font_size=&#8221;40px&#8221; custom_padding=&#8221;||20px||false|false&#8221; header_2_font_size_tablet=&#8221;40px&#8221; header_2_font_size_phone=&#8221;27px&#8221; header_2_font_size_last_edited=&#8221;on|phone&#8221; locked=&#8221;off&#8221; global_colors_info=&#8221;{}&#8221;]<\/p>\n<h2>Sorrento<\/h2>\n<p>[\/et_pb_text][\/et_pb_column][et_pb_column type=&#8221;2_5&#8243; _builder_version=&#8221;4.24.2&#8243; _module_preset=&#8221;default&#8221; global_colors_info=&#8221;{}&#8221;][\/et_pb_column][\/et_pb_row][\/et_pb_section][et_pb_section fb_built=&#8221;1&#8243; _builder_version=&#8221;4.24.2&#8243; _module_preset=&#8221;default&#8221; background_color=&#8221;RGBA(255,255,255,0)&#8221; width=&#8221;100%&#8221; max_width=&#8221;90%&#8221; module_alignment=&#8221;center&#8221; custom_margin=&#8221;-55px||0px||false|false&#8221; custom_padding=&#8221;0px||0px||false|false&#8221; locked=&#8221;off&#8221; global_colors_info=&#8221;{}&#8221; da_is_popup=&#8221;off&#8221; da_exit_intent=&#8221;off&#8221; da_has_close=&#8221;on&#8221; da_alt_close=&#8221;off&#8221; da_dark_close=&#8221;off&#8221; da_not_modal=&#8221;on&#8221; da_is_singular=&#8221;off&#8221; da_with_loader=&#8221;off&#8221; da_has_shadow=&#8221;on&#8221; da_disable_devices=&#8221;off|off|off&#8221;][et_pb_row column_structure=&#8221;3_5,2_5&#8243; use_custom_gutter=&#8221;on&#8221; gutter_width=&#8221;4&#8243; make_equal=&#8221;on&#8221; module_class=&#8221;reverse-columns-mobile&#8221; _builder_version=&#8221;4.24.2&#8243; _module_preset=&#8221;default&#8221; width=&#8221;100%&#8221; max_width=&#8221;100%&#8221; custom_margin=&#8221;-100px||||false|false&#8221; custom_padding=&#8221;0px||0px||true|false&#8221; global_colors_info=&#8221;{}&#8221;][et_pb_column type=&#8221;3_5&#8243; _builder_version=&#8221;4.24.2&#8243; _module_preset=&#8221;default&#8221; custom_padding=&#8221;140px|||90px|false|false&#8221; custom_padding_tablet=&#8221;140px|||90px|false|false&#8221; custom_padding_phone=&#8221;0px|||0px|false|false&#8221; custom_padding_last_edited=&#8221;on|phone&#8221; global_colors_info=&#8221;{}&#8221;][et_pb_text _builder_version=&#8221;4.24.2&#8243; _module_preset=&#8221;default&#8221; text_font=&#8221;Montserrat||||||||&#8221; text_text_color=&#8221;#000000&#8243; text_letter_spacing=&#8221;1px&#8221; header_font=&#8221;Montserrat||||||||&#8221; header_text_color=&#8221;#FFFFFF&#8221; header_font_size=&#8221;65px&#8221; custom_margin_tablet=&#8221;&#8221; custom_margin_phone=&#8221;|12px||12px|false|true&#8221; custom_margin_last_edited=&#8221;on|phone&#8221; locked=&#8221;off&#8221; global_colors_info=&#8221;{}&#8221;]<\/p>\n<p><span>Studio di fattibilit\u00e0 di collegamento tra la stazione ferroviaria di Sorrento e il borgo di Sant&#8217;Agata sui due Golfi. Al fine di garantire una piena integrazione urbana e minimizzare l&#8217;impatto visivo dell&#8217;opera all&#8217;interno del tessuto urbano di Sorrento, la tratta urbana \u00e8 stata progettata sotterranea. La soluzione \u00e8 stata possibile grazie al sistema ibrido fune-automotore, che garantisce minime oscillazioni nella tratta su rotaia ed \u00e8 quindi compatibile con segmenti in galleria.<\/span><\/p>\n<p>[\/et_pb_text][\/et_pb_column][et_pb_column type=&#8221;2_5&#8243; _builder_version=&#8221;4.24.2&#8243; _module_preset=&#8221;default&#8221; global_colors_info=&#8221;{}&#8221;][et_pb_image src=&#8221;https:\/\/dimensioneing.it\/wp-content\/uploads\/2024\/04\/sorrento.png&#8221; title_text=&#8221;sorrento&#8221; _builder_version=&#8221;4.24.2&#8243; _module_preset=&#8221;default&#8221; global_colors_info=&#8221;{}&#8221;][\/et_pb_image][\/et_pb_column][\/et_pb_row][\/et_pb_section][et_pb_section fb_built=&#8221;1&#8243; _builder_version=&#8221;4.24.2&#8243; _module_preset=&#8221;default&#8221; custom_margin=&#8221;0px||||false|false&#8221; custom_padding=&#8221;60px||60px||true|false&#8221; global_colors_info=&#8221;{}&#8221; da_is_popup=&#8221;off&#8221; da_exit_intent=&#8221;off&#8221; da_has_close=&#8221;on&#8221; da_alt_close=&#8221;off&#8221; da_dark_close=&#8221;off&#8221; da_not_modal=&#8221;on&#8221; da_is_singular=&#8221;off&#8221; da_with_loader=&#8221;off&#8221; da_has_shadow=&#8221;on&#8221; da_disable_devices=&#8221;off|off|off&#8221;][et_pb_row use_custom_gutter=&#8221;on&#8221; gutter_width=&#8221;2&#8243; make_equal=&#8221;on&#8221; _builder_version=&#8221;4.24.2&#8243; _module_preset=&#8221;default&#8221; width=&#8221;100%&#8221; max_width=&#8221;80%&#8221; max_width_tablet=&#8221;80%&#8221; max_width_phone=&#8221;100%&#8221; max_width_last_edited=&#8221;on|phone&#8221; custom_margin=&#8221;0px||0px||true|false&#8221; custom_padding=&#8221;0px||0px||true|false&#8221; locked=&#8221;off&#8221; global_colors_info=&#8221;{}&#8221;][et_pb_column type=&#8221;4_4&#8243; _builder_version=&#8221;4.24.2&#8243; _module_preset=&#8221;default&#8221; custom_padding=&#8221;0px||0px||true|true&#8221; custom_padding_tablet=&#8221;130px|100px|130px|100px|true|true&#8221; custom_padding_phone=&#8221;20px|30px|20px|30px|true|true&#8221; custom_padding_last_edited=&#8221;on|phone&#8221; global_colors_info=&#8221;{}&#8221;][et_pb_text _builder_version=&#8221;4.24.2&#8243; _module_preset=&#8221;default&#8221; text_font=&#8221;Montserrat||||||||&#8221; text_text_color=&#8221;#000000&#8243; text_letter_spacing=&#8221;1px&#8221; header_font=&#8221;Montserrat||||||||&#8221; header_text_color=&#8221;#FFFFFF&#8221; header_font_size=&#8221;65px&#8221; custom_margin_tablet=&#8221;&#8221; custom_margin_phone=&#8221;|12px||12px|false|true&#8221; custom_margin_last_edited=&#8221;on|phone&#8221; locked=&#8221;off&#8221; global_colors_info=&#8221;{}&#8221;]<\/p>\n<p>Collegamento tramite sistema ibrido fune-automotore tra il centro storico di Sorrento (la stazione capolinea \u00e8 prevista collegata all\u2019esistente stazione ferroviaria della Circumvesuviana) e il borgo di Sant\u2019Agata sui Due Golfi, nel Comune di Massa Lubrense.<\/p>\n<p>Al fine di minimizzare l\u2019impatto estetico ed ambientale dell\u2019opera all\u2019interno del densamente antropizzato centro urbano di Sorrento, di immenso pregio paesaggistico e culturale, la tratta urbana \u00e8 stata progettata in galleria. Il sistema ibrido infatti, nella sua tratta su rotaia in cui le oscillazioni del veicolo sono minori, consente la definizione di segmenti in galleria. A seconda dello scenario progettuale, l\u2019emersione dell\u2019opera dalla sua tratta sotterranea a quella sopraelevata \u00e8 prevista tramite<span>\u00a0<\/span><strong>ascensore verticale<\/strong><span>\u00a0<\/span>o tramite<span>\u00a0<\/span><strong>rampa inclinata<\/strong>.<\/p>\n<p>La tratta extraurbana di arroccamento verso il borgo collinare di Sant\u2019Agata sui Due Golfi \u00e8 invece prevista tramite fune, concordemente ad un tradizionale sistema funiviario.<\/p>\n<p>I veicoli elettrificati, che ospitano sistemi di climatizzazione e di ventilazione, permettono di affrontare in modo efficiente le problematiche di confort dei passeggeri.<\/p>\n<p>[\/et_pb_text][et_pb_image src=&#8221;https:\/\/dimensioneing.it\/wp-content\/uploads\/2024\/04\/sorrento2.png&#8221; title_text=&#8221;sorrento2&#8243; show_in_lightbox=&#8221;on&#8221; _builder_version=&#8221;4.24.2&#8243; _module_preset=&#8221;default&#8221; module_alignment=&#8221;left&#8221; min_height=&#8221;100px&#8221; height=&#8221;198px&#8221; global_colors_info=&#8221;{}&#8221;][\/et_pb_image][\/et_pb_column][\/et_pb_row][\/et_pb_section][et_pb_section fb_built=&#8221;1&#8243; custom_padding_last_edited=&#8221;on|phone&#8221; disabled_on=&#8221;on|on|on&#8221; _builder_version=&#8221;4.24.2&#8243; _module_preset=&#8221;default&#8221; custom_padding=&#8221;||150px||false|false&#8221; custom_padding_tablet=&#8221;||150px||false|false&#8221; custom_padding_phone=&#8221;||70px||false|false&#8221; disabled=&#8221;on&#8221; locked=&#8221;off&#8221; global_colors_info=&#8221;{}&#8221; da_is_popup=&#8221;off&#8221; da_exit_intent=&#8221;off&#8221; da_has_close=&#8221;on&#8221; da_alt_close=&#8221;off&#8221; da_dark_close=&#8221;off&#8221; da_not_modal=&#8221;on&#8221; da_is_singular=&#8221;off&#8221; da_with_loader=&#8221;off&#8221; da_has_shadow=&#8221;on&#8221; da_disable_devices=&#8221;off|off|off&#8221;][et_pb_row column_structure=&#8221;1_2,1_2&#8243; _builder_version=&#8221;4.24.2&#8243; _module_preset=&#8221;default&#8221; width=&#8221;100%&#8221; max_width=&#8221;80%&#8221; global_colors_info=&#8221;{}&#8221;][et_pb_column type=&#8221;1_2&#8243; _builder_version=&#8221;4.24.2&#8243; _module_preset=&#8221;default&#8221; global_colors_info=&#8221;{}&#8221;][dsm_lottie lottie_url=&#8221;https:\/\/dimensioneing.it\/wp-content\/uploads\/2024\/04\/C74el9SY6A-1.json&#8221; _builder_version=&#8221;4.24.2&#8243; _module_preset=&#8221;default&#8221; transform_rotate=&#8221;0deg|0deg|90deg&#8221; width=&#8221;10%&#8221; module_alignment=&#8221;left&#8221; custom_margin=&#8221;||0px||false|false&#8221; custom_padding=&#8221;||0px||false|false&#8221; link_option_url=&#8221;https:\/\/dimensioneing.it\/angri-maiori\/&#8221; global_colors_info=&#8221;{}&#8221;][\/dsm_lottie][et_pb_text _builder_version=&#8221;4.24.2&#8243; _module_preset=&#8221;default&#8221; text_font=&#8221;Montserrat|||on|||||&#8221; text_text_color=&#8221;#000000&#8243; text_letter_spacing=&#8221;1px&#8221; header_font=&#8221;Montserrat||||||||&#8221; header_text_color=&#8221;#FFFFFF&#8221; header_font_size=&#8221;65px&#8221; custom_margin=&#8221;0px||||false|false&#8221; custom_padding=&#8221;0px||||false|false&#8221; link_option_url=&#8221;https:\/\/dimensioneing.it\/angri-maiori\/&#8221; locked=&#8221;off&#8221; global_colors_info=&#8221;{}&#8221;]<\/p>\n<p>Angri &#8211; maori<\/p>\n<p>[\/et_pb_text][\/et_pb_column][et_pb_column type=&#8221;1_2&#8243; _builder_version=&#8221;4.24.2&#8243; _module_preset=&#8221;default&#8221; global_colors_info=&#8221;{}&#8221;][dsm_lottie lottie_url=&#8221;https:\/\/dimensioneing.it\/wp-content\/uploads\/2024\/04\/C74el9SY6A-1.json&#8221; _builder_version=&#8221;4.24.2&#8243; _module_preset=&#8221;default&#8221; transform_rotate=&#8221;0deg|0deg|270deg&#8221; width=&#8221;10%&#8221; module_alignment=&#8221;right&#8221; custom_margin=&#8221;||0px||false|false&#8221; custom_padding=&#8221;||0px||false|false&#8221; link_option_url=&#8221;https:\/\/dimensioneing.it\/telecabina-aosta-pila\/&#8221; global_colors_info=&#8221;{}&#8221;][\/dsm_lottie][et_pb_text _builder_version=&#8221;4.24.2&#8243; _module_preset=&#8221;default&#8221; text_font=&#8221;Montserrat|||on|||||&#8221; text_text_color=&#8221;#000000&#8243; text_letter_spacing=&#8221;1px&#8221; header_font=&#8221;Montserrat||||||||&#8221; header_text_color=&#8221;#FFFFFF&#8221; header_font_size=&#8221;65px&#8221; text_orientation=&#8221;right&#8221; custom_margin=&#8221;0px||||false|false&#8221; custom_padding=&#8221;0px||||false|false&#8221; link_option_url=&#8221;https:\/\/dimensioneing.it\/telecabina-aosta-pila\/&#8221; locked=&#8221;off&#8221; global_colors_info=&#8221;{}&#8221;]<\/p>\n<p>telecabina aosta &#8211; pila<\/p>\n<p>[\/et_pb_text][\/et_pb_column][\/et_pb_row][\/et_pb_section][et_pb_section fb_built=&#8221;1&#8243; admin_label=&#8221;Section&#8221; _builder_version=&#8221;4.24.2&#8243; _module_preset=&#8221;default&#8221; custom_margin=&#8221;0px||||false|false&#8221; custom_padding=&#8221;0px||0px||false|false&#8221; da_disable_devices=&#8221;off|off|off&#8221; locked=&#8221;off&#8221; global_colors_info=&#8221;{}&#8221; global_module=&#8221;282369&#8243; theme_builder_area=&#8221;post_content&#8221; da_is_popup=&#8221;off&#8221; da_exit_intent=&#8221;off&#8221; da_has_close=&#8221;on&#8221; da_alt_close=&#8221;off&#8221; da_dark_close=&#8221;off&#8221; da_not_modal=&#8221;on&#8221; da_is_singular=&#8221;off&#8221; da_with_loader=&#8221;off&#8221; da_has_shadow=&#8221;on&#8221;][et_pb_row column_structure=&#8221;1_2,1_2&#8243; use_custom_gutter=&#8221;on&#8221; gutter_width=&#8221;1&#8243; make_equal=&#8221;on&#8221; _builder_version=&#8221;4.24.2&#8243; _module_preset=&#8221;default&#8221; width=&#8221;100%&#8221; max_width=&#8221;100%&#8221; custom_margin=&#8221;0px||0px||true|false&#8221; custom_padding=&#8221;0px||0px||true|false&#8221; locked=&#8221;off&#8221; global_colors_info=&#8221;{}&#8221; theme_builder_area=&#8221;post_content&#8221;][et_pb_column type=&#8221;1_2&#8243; _builder_version=&#8221;4.24.2&#8243; _module_preset=&#8221;default&#8221; background_image=&#8221;https:\/\/dimensioneing.it\/wp-content\/uploads\/2024\/03\/img2-monte-bianco-scaled-e1641501921709.jpeg&#8221; global_colors_info=&#8221;{}&#8221; theme_builder_area=&#8221;post_content&#8221;][et_pb_divider show_divider=&#8221;off&#8221; _builder_version=&#8221;4.24.2&#8243; _module_preset=&#8221;default&#8221; custom_padding=&#8221;150px||150px||true|false&#8221; global_colors_info=&#8221;{}&#8221; theme_builder_area=&#8221;post_content&#8221;][\/et_pb_divider][\/et_pb_column][et_pb_column type=&#8221;1_2&#8243; _builder_version=&#8221;4.24.2&#8243; _module_preset=&#8221;default&#8221; background_color=&#8221;#000000&#8243; custom_padding=&#8221;130px|100px|130px|100px|true|true&#8221; global_colors_info=&#8221;{}&#8221; theme_builder_area=&#8221;post_content&#8221;][et_pb_text _builder_version=&#8221;4.24.2&#8243; _module_preset=&#8221;default&#8221; text_font=&#8221;Josefin Slab|600|||||||&#8221; text_text_color=&#8221;#057c4c&#8221; text_font_size=&#8221;19px&#8221; text_letter_spacing=&#8221;1px&#8221; header_2_font=&#8221;Josefin Slab|700||on|||||&#8221; header_2_text_align=&#8221;left&#8221; header_2_text_color=&#8221;#057c4c&#8221; header_2_font_size=&#8221;17px&#8221; custom_margin=&#8221;||10px||false|false&#8221; global_colors_info=&#8221;{}&#8221; theme_builder_area=&#8221;post_content&#8221;]CONTATTACI[\/et_pb_text][et_pb_text _builder_version=&#8221;4.24.2&#8243; _module_preset=&#8221;default&#8221; text_font=&#8221;Montserrat|600|||||||&#8221; text_text_color=&#8221;#FFFFFF&#8221; text_font_size=&#8221;35px&#8221; text_letter_spacing=&#8221;1px&#8221; header_font=&#8221;Montserrat||||||||&#8221; header_text_color=&#8221;#FFFFFF&#8221; header_font_size=&#8221;65px&#8221; header_3_font=&#8221;Montserrat||||||||&#8221; header_3_font_size=&#8221;40px&#8221; custom_padding=&#8221;||20px||false|false&#8221; global_colors_info=&#8221;{}&#8221; theme_builder_area=&#8221;post_content&#8221;]Ottieni maggiori Informazioni[\/et_pb_text][et_pb_text _builder_version=&#8221;4.24.2&#8243; _module_preset=&#8221;default&#8221; text_font=&#8221;Montserrat||||||||&#8221; text_text_color=&#8221;#FFFFFF&#8221; text_letter_spacing=&#8221;1px&#8221; header_font=&#8221;Montserrat||||||||&#8221; header_text_color=&#8221;#FFFFFF&#8221; header_font_size=&#8221;65px&#8221; custom_margin=&#8221;||25px||false|false&#8221; locked=&#8221;off&#8221; global_colors_info=&#8221;{}&#8221; theme_builder_area=&#8221;post_content&#8221;]<\/p>\n<p>Hai domande o vuoi conoscere meglio la nostra realt\u00e0? Compila il form qui sotto, ti risponderemo al pi\u00f9 presto.<\/p>\n<p>[\/et_pb_text][dsm_contact_form_7 cf7_library=&#8221;12&#8243; input_background_color=&#8221;rgba(147,147,147,0.56)&#8221; _builder_version=&#8221;4.24.2&#8243; _module_preset=&#8221;default&#8221; labels_font=&#8221;Montserrat||||||||&#8221; labels_text_color=&#8221;#FFFFFF&#8221; input_textarea_select_text_color=&#8221;#FFFFFF&#8221; placeholder_font=&#8221;Montserrat|600|||||||&#8221; placeholder_text_color=&#8221;#FFFFFF&#8221; custom_button_one=&#8221;on&#8221; button_one_text_size=&#8221;18px&#8221; button_one_text_color=&#8221;#ffffff&#8221; button_one_bg_color=&#8221;#057c4c&#8221; button_one_border_width=&#8221;0px&#8221; button_one_font=&#8221;Montserrat||||||||&#8221; button_one_icon=&#8221;&#x26;||divi||400&#8243; global_colors_info=&#8221;{}&#8221; theme_builder_area=&#8221;post_content&#8221;][\/dsm_contact_form_7][\/et_pb_column][\/et_pb_row][\/et_pb_section]<\/p>\n","protected":false},"excerpt":{"rendered":"<p>studio di fattibilit\u00e0SorrentoStudio di fattibilit\u00e0 di collegamento tra la stazione ferroviaria di Sorrento e il borgo di Sant&#8217;Agata sui due Golfi. Al fine di garantire una piena integrazione urbana e minimizzare l&#8217;impatto visivo dell&#8217;opera all&#8217;interno del tessuto urbano di Sorrento, la tratta urbana \u00e8 stata progettata sotterranea. La soluzione \u00e8 stata possibile grazie al sistema [&hellip;]<\/p>\n","protected":false},"author":1,"featured_media":0,"parent":0,"menu_order":0,"comment_status":"closed","ping_status":"closed","template":"","meta":{"_et_pb_use_builder":"on","_et_pb_old_content":"<!-- wp:divi\/placeholder \/-->","_et_gb_content_width":"","footnotes":""},"difl_page_category":[],"class_list":["post-282146","page","type-page","status-publish","hentry"],"yoast_head":"<!-- This site is optimized with the Yoast SEO plugin v27.1.1 - https:\/\/yoast.com\/product\/yoast-seo-wordpress\/ -->\n<title>Funivia Sorrento | DIMENSIONE INGENIERIE S.R.L. FUNICOLARE<\/title>\n<meta name=\"description\" content=\"Scopri lo studio di fattibilit\u00e0 di collegamento tra la stazione ferroviaria di Sorrento e il borgo di Sant\u2019Agata sui due Golfi.\" \/>\n<meta name=\"robots\" content=\"index, follow, max-snippet:-1, max-image-preview:large, max-video-preview:-1\" \/>\n<link rel=\"canonical\" href=\"https:\/\/dimensioneing.it\/en\/sorrento\/\" \/>\n<meta property=\"og:locale\" content=\"en_US\" \/>\n<meta property=\"og:type\" content=\"article\" \/>\n<meta property=\"og:title\" content=\"Funivia Sorrento | DIMENSIONE INGENIERIE S.R.L. FUNICOLARE\" \/>\n<meta property=\"og:description\" content=\"Scopri lo studio di fattibilit\u00e0 di collegamento tra la stazione ferroviaria di Sorrento e il borgo di Sant\u2019Agata sui due Golfi.\" \/>\n<meta property=\"og:url\" content=\"https:\/\/dimensioneing.it\/en\/sorrento\/\" \/>\n<meta property=\"og:site_name\" content=\"DIMENSIONE INGENIERIE S.R.L. FUNICOLARE\" \/>\n<meta property=\"article:modified_time\" content=\"2025-12-10T10:18:28+00:00\" \/>\n<meta name=\"twitter:card\" content=\"summary_large_image\" \/>\n<meta name=\"twitter:label1\" content=\"Est. reading time\" \/>\n\t<meta name=\"twitter:data1\" content=\"2 minutes\" \/>\n<script type=\"application\/ld+json\" class=\"yoast-schema-graph\">{\"@context\":\"https:\/\/schema.org\",\"@graph\":[{\"@type\":\"WebPage\",\"@id\":\"https:\/\/dimensioneing.it\/it_it\/sorrento\/\",\"url\":\"https:\/\/dimensioneing.it\/it_it\/sorrento\/\",\"name\":\"Funivia Sorrento | DIMENSIONE INGENIERIE S.R.L. FUNICOLARE\",\"isPartOf\":{\"@id\":\"https:\/\/dimensioneing.it\/#website\"},\"datePublished\":\"2024-04-11T08:28:56+00:00\",\"dateModified\":\"2025-12-10T10:18:28+00:00\",\"description\":\"Scopri lo studio di fattibilit\u00e0 di collegamento tra la stazione ferroviaria di Sorrento e il borgo di Sant\u2019Agata sui due Golfi.\",\"inLanguage\":\"en-US\",\"potentialAction\":[{\"@type\":\"ReadAction\",\"target\":[\"https:\/\/dimensioneing.it\/it_it\/sorrento\/\"]}]},{\"@type\":\"WebSite\",\"@id\":\"https:\/\/dimensioneing.it\/#website\",\"url\":\"https:\/\/dimensioneing.it\/\",\"name\":\"DIMENSIONE INGENIERIE S.R.L. FUNICOLARE\",\"description\":\"\",\"potentialAction\":[{\"@type\":\"SearchAction\",\"target\":{\"@type\":\"EntryPoint\",\"urlTemplate\":\"https:\/\/dimensioneing.it\/?s={search_term_string}\"},\"query-input\":{\"@type\":\"PropertyValueSpecification\",\"valueRequired\":true,\"valueName\":\"search_term_string\"}}],\"inLanguage\":\"en-US\"}]}<\/script>\n<!-- \/ Yoast SEO plugin. -->","yoast_head_json":{"title":"Sorrento Cable Car | DIMENSIONE INGENIERIE S.R.L. FUNICOLARE","description":"Learn about the feasibility study of connecting the Sorrento train station with the village of Sant'Agata sui due Golfi.","robots":{"index":"index","follow":"follow","max-snippet":"max-snippet:-1","max-image-preview":"max-image-preview:large","max-video-preview":"max-video-preview:-1"},"canonical":"https:\/\/dimensioneing.it\/en\/sorrento\/","og_locale":"en_US","og_type":"article","og_title":"Funivia Sorrento | DIMENSIONE INGENIERIE S.R.L. FUNICOLARE","og_description":"Scopri lo studio di fattibilit\u00e0 di collegamento tra la stazione ferroviaria di Sorrento e il borgo di Sant\u2019Agata sui due Golfi.","og_url":"https:\/\/dimensioneing.it\/en\/sorrento\/","og_site_name":"DIMENSIONE INGENIERIE S.R.L. FUNICOLARE","article_modified_time":"2025-12-10T10:18:28+00:00","twitter_card":"summary_large_image","twitter_misc":{"Est. reading time":"2 minutes"},"schema":{"@context":"https:\/\/schema.org","@graph":[{"@type":"WebPage","@id":"https:\/\/dimensioneing.it\/it_it\/sorrento\/","url":"https:\/\/dimensioneing.it\/it_it\/sorrento\/","name":"Sorrento Cable Car | DIMENSIONE INGENIERIE S.R.L. FUNICOLARE","isPartOf":{"@id":"https:\/\/dimensioneing.it\/#website"},"datePublished":"2024-04-11T08:28:56+00:00","dateModified":"2025-12-10T10:18:28+00:00","description":"Learn about the feasibility study of connecting the Sorrento train station with the village of Sant'Agata sui due Golfi.","inLanguage":"en-US","potentialAction":[{"@type":"ReadAction","target":["https:\/\/dimensioneing.it\/it_it\/sorrento\/"]}]},{"@type":"WebSite","@id":"https:\/\/dimensioneing.it\/#website","url":"https:\/\/dimensioneing.it\/","name":"DIMENSION INGENIERIE S.R.L. FUNICULAR","description":"","potentialAction":[{"@type":"SearchAction","target":{"@type":"EntryPoint","urlTemplate":"https:\/\/dimensioneing.it\/?s={search_term_string}"},"query-input":{"@type":"PropertyValueSpecification","valueRequired":true,"valueName":"search_term_string"}}],"inLanguage":"en-US"}]}},"_links":{"self":[{"href":"https:\/\/dimensioneing.it\/en\/wp-json\/wp\/v2\/pages\/282146","targetHints":{"allow":["GET"]}}],"collection":[{"href":"https:\/\/dimensioneing.it\/en\/wp-json\/wp\/v2\/pages"}],"about":[{"href":"https:\/\/dimensioneing.it\/en\/wp-json\/wp\/v2\/types\/page"}],"author":[{"embeddable":true,"href":"https:\/\/dimensioneing.it\/en\/wp-json\/wp\/v2\/users\/1"}],"replies":[{"embeddable":true,"href":"https:\/\/dimensioneing.it\/en\/wp-json\/wp\/v2\/comments?post=282146"}],"version-history":[{"count":0,"href":"https:\/\/dimensioneing.it\/en\/wp-json\/wp\/v2\/pages\/282146\/revisions"}],"wp:attachment":[{"href":"https:\/\/dimensioneing.it\/en\/wp-json\/wp\/v2\/media?parent=282146"}],"wp:term":[{"taxonomy":"difl_page_category","embeddable":true,"href":"https:\/\/dimensioneing.it\/en\/wp-json\/wp\/v2\/difl_page_category?post=282146"}],"curies":[{"name":"wp","href":"https:\/\/api.w.org\/{rel}","templated":true}]}}